{"id":135,"date":"2017-04-26T15:15:17","date_gmt":"2017-04-26T13:15:17","guid":{"rendered":"http:\/\/www.instalaterstvi-huk.cz\/?page_id=135"},"modified":"2023-02-05T12:52:14","modified_gmt":"2023-02-05T11:52:14","slug":"revize","status":"publish","type":"page","link":"https:\/\/www.instalaterstvi-huk.cz\/?page_id=135","title":{"rendered":"Revize a servis"},"content":{"rendered":"<p>Zaji\u0161\u0165ujeme servis plynov\u00fdch spot\u0159ebi\u010d\u016f, revize plynov\u00e9ho potrub\u00ed, spalinov\u00fdch cest, hydrant\u016f a po\u017e\u00e1rn\u00edch ucp\u00e1vek dle \u010cSN a TI\u010cR.<\/p>\n<div id='gallery-1' class='gallery galleryid-135 gallery-columns-3 gallery-size-medium'><dl class='gallery-item'>\n\t\t\t<dt class='gallery-icon landscape'>\n\t\t\t\t<a href='https:\/\/www.instalaterstvi-huk.cz\/?attachment_id=387'><img loading=\"lazy\" decoding=\"async\" width=\"300\" height=\"169\" src=\"https:\/\/www.instalaterstvi-huk.cz\/wp-content\/uploads\/2017\/02\/20170530_092528-300x169.jpg\" class=\"attachment-medium size-medium\" alt=\"\" srcset=\"https:\/\/www.instalaterstvi-huk.cz\/wp-content\/uploads\/2017\/02\/20170530_092528-300x169.jpg 300w, https:\/\/www.instalaterstvi-huk.cz\/wp-content\/uploads\/2017\/02\/20170530_092528-768x432.jpg 768w, https:\/\/www.instalaterstvi-huk.cz\/wp-content\/uploads\/2017\/02\/20170530_092528-1024x576.jpg 1024w\" sizes=\"auto, (max-width: 300px) 100vw, 300px\" \/><\/a>\n\t\t\t<\/dt><\/dl><dl class='gallery-item'>\n\t\t\t<dt class='gallery-icon landscape'>\n\t\t\t\t<a href='https:\/\/www.instalaterstvi-huk.cz\/?attachment_id=376'><img loading=\"lazy\" decoding=\"async\" width=\"300\" height=\"169\" src=\"https:\/\/www.instalaterstvi-huk.cz\/wp-content\/uploads\/2017\/02\/20170530_092551-300x169.jpg\" class=\"attachment-medium size-medium\" alt=\"\" srcset=\"https:\/\/www.instalaterstvi-huk.cz\/wp-content\/uploads\/2017\/02\/20170530_092551-300x169.jpg 300w, https:\/\/www.instalaterstvi-huk.cz\/wp-content\/uploads\/2017\/02\/20170530_092551-768x432.jpg 768w, https:\/\/www.instalaterstvi-huk.cz\/wp-content\/uploads\/2017\/02\/20170530_092551-1024x576.jpg 1024w\" sizes=\"auto, (max-width: 300px) 100vw, 300px\" \/><\/a>\n\t\t\t<\/dt><\/dl><dl class='gallery-item'>\n\t\t\t<dt class='gallery-icon landscape'>\n\t\t\t\t<a href='https:\/\/www.instalaterstvi-huk.cz\/?attachment_id=375'><img loading=\"lazy\" decoding=\"async\" width=\"300\" height=\"169\" src=\"https:\/\/www.instalaterstvi-huk.cz\/wp-content\/uploads\/2017\/02\/20170530_092536-300x169.jpg\" class=\"attachment-medium size-medium\" alt=\"\" srcset=\"https:\/\/www.instalaterstvi-huk.cz\/wp-content\/uploads\/2017\/02\/20170530_092536-300x169.jpg 300w, https:\/\/www.instalaterstvi-huk.cz\/wp-content\/uploads\/2017\/02\/20170530_092536-768x432.jpg 768w, https:\/\/www.instalaterstvi-huk.cz\/wp-content\/uploads\/2017\/02\/20170530_092536-1024x576.jpg 1024w\" sizes=\"auto, (max-width: 300px) 100vw, 300px\" \/><\/a>\n\t\t\t<\/dt><\/dl><br style=\"clear: both\" \/>\n\t\t<\/div>\n\n","protected":false},"excerpt":{"rendered":"<p>Zaji\u0161\u0165ujeme servis plynov\u00fdch spot\u0159ebi\u010d\u016f, revize plynov\u00e9ho potrub\u00ed, spalinov\u00fdch cest, hydrant\u016f a po\u017e\u00e1rn\u00edch ucp\u00e1vek dle \u010cSN a TI\u010cR.<\/p>\n","protected":false},"author":1,"featured_media":0,"parent":0,"menu_order":0,"comment_status":"closed","ping_status":"closed","template":"","meta":{"footnotes":""},"class_list":["post-135","page","type-page","status-publish","hentry"],"_links":{"self":[{"href":"https:\/\/www.instalaterstvi-huk.cz\/index.php?rest_route=\/wp\/v2\/pages\/135","targetHints":{"allow":["GET"]}}],"collection":[{"href":"https:\/\/www.instalaterstvi-huk.cz\/index.php?rest_route=\/wp\/v2\/pages"}],"about":[{"href":"https:\/\/www.instalaterstvi-huk.cz\/index.php?rest_route=\/wp\/v2\/types\/page"}],"author":[{"embeddable":true,"href":"https:\/\/www.instalaterstvi-huk.cz\/index.php?rest_route=\/wp\/v2\/users\/1"}],"replies":[{"embeddable":true,"href":"https:\/\/www.instalaterstvi-huk.cz\/index.php?rest_route=%2Fwp%2Fv2%2Fcomments&post=135"}],"version-history":[{"count":17,"href":"https:\/\/www.instalaterstvi-huk.cz\/index.php?rest_route=\/wp\/v2\/pages\/135\/revisions"}],"predecessor-version":[{"id":553,"href":"https:\/\/www.instalaterstvi-huk.cz\/index.php?rest_route=\/wp\/v2\/pages\/135\/revisions\/553"}],"wp:attachment":[{"href":"https:\/\/www.instalaterstvi-huk.cz\/index.php?rest_route=%2Fwp%2Fv2%2Fmedia&parent=135"}],"curies":[{"name":"wp","href":"https:\/\/api.w.org\/{rel}","templated":true}]}}