{"id":590,"date":"2026-03-19T19:01:03","date_gmt":"2026-03-19T18:01:03","guid":{"rendered":"https:\/\/www.instalaterstvi-huk.cz\/?page_id=590"},"modified":"2026-03-21T11:48:21","modified_gmt":"2026-03-21T10:48:21","slug":"kontakty-2","status":"publish","type":"page","link":"https:\/\/www.instalaterstvi-huk.cz\/?page_id=590","title":{"rendered":"Kontakty"},"content":{"rendered":"\n<h2 class=\"wp-block-heading\">Instalat\u00e9rstv\u00ed Huk Cyril<\/h2>\n\n\n\n<h4 class=\"wp-block-heading\"><strong>Plandry 59, Vyskytn\u00e1 nad Jihlavou 588 41<br><small>okres Jihlava, Kraj Vyso\u010dina<\/small><\/strong><\/h4>\n\n\n\n<h4 class=\"wp-block-heading\"><strong>Tel.: +420 608 433 445<\/strong><\/h4>\n\n\n\n<h4 class=\"wp-block-heading\"><a href=\"mailto:c.huk@seznam.cz\"><strong>c.huk@seznam.cz<\/strong><\/a><\/h4>\n\n\n\n<iframe loading=\"lazy\" style=\"border:none\" src=\"https:\/\/mapy.com\/s\/fugusuhepu\" width=\"400\" height=\"280\" frameborder=\"0\"><\/iframe>\n\n\n\n<p><\/p>\n\n\n\n<p><\/p>\n","protected":false},"excerpt":{"rendered":"<p>Instalat\u00e9rstv\u00ed Huk Cyril Plandry 59, Vyskytn\u00e1 nad Jihlavou 588 41okres Jihlava, Kraj Vyso\u010dina Tel.: +420 608 433 445 c.huk@seznam.cz<\/p>\n","protected":false},"author":1,"featured_media":0,"parent":0,"menu_order":0,"comment_status":"closed","ping_status":"closed","template":"","meta":{"footnotes":""},"class_list":["post-590","page","type-page","status-publish","hentry"],"_links":{"self":[{"href":"https:\/\/www.instalaterstvi-huk.cz\/index.php?rest_route=\/wp\/v2\/pages\/590","targetHints":{"allow":["GET"]}}],"collection":[{"href":"https:\/\/www.instalaterstvi-huk.cz\/index.php?rest_route=\/wp\/v2\/pages"}],"about":[{"href":"https:\/\/www.instalaterstvi-huk.cz\/index.php?rest_route=\/wp\/v2\/types\/page"}],"author":[{"embeddable":true,"href":"https:\/\/www.instalaterstvi-huk.cz\/index.php?rest_route=\/wp\/v2\/users\/1"}],"replies":[{"embeddable":true,"href":"https:\/\/www.instalaterstvi-huk.cz\/index.php?rest_route=%2Fwp%2Fv2%2Fcomments&post=590"}],"version-history":[{"count":9,"href":"https:\/\/www.instalaterstvi-huk.cz\/index.php?rest_route=\/wp\/v2\/pages\/590\/revisions"}],"predecessor-version":[{"id":605,"href":"https:\/\/www.instalaterstvi-huk.cz\/index.php?rest_route=\/wp\/v2\/pages\/590\/revisions\/605"}],"wp:attachment":[{"href":"https:\/\/www.instalaterstvi-huk.cz\/index.php?rest_route=%2Fwp%2Fv2%2Fmedia&parent=590"}],"curies":[{"name":"wp","href":"https:\/\/api.w.org\/{rel}","templated":true}]}}